{"id":17,"date":"2022-11-07T15:49:36","date_gmt":"2022-11-07T18:49:36","guid":{"rendered":"https:\/\/maurosalgado.trixtodesign.com\/?page_id=17"},"modified":"2022-11-29T10:48:04","modified_gmt":"2022-11-29T13:48:04","slug":"storyboard","status":"publish","type":"page","link":"https:\/\/maurosalgado.com\/?page_id=17","title":{"rendered":"Storyboard"},"content":{"rendered":"\t\t<div data-elementor-type=\"wp-page\" data-elementor-id=\"17\" class=\"elementor elementor-17\" data-elementor-post-type=\"page\">\n\t\t\t\t<div class=\"elementor-element elementor-element-34c142b e-con-full e-flex e-con e-parent\" data-id=\"34c142b\" data-element_type=\"container\" data-e-type=\"container\">\n\t\t<div class=\"elementor-element elementor-element-65873a3 e-con-full e-flex e-con e-parent\" data-id=\"65873a3\" data-element_type=\"container\" data-e-type=\"container\">\n\t\t\t\t<div class=\"elementor-element elementor-element-10120f5 elementor-widget elementor-widget-video\" data-id=\"10120f5\" data-element_type=\"widget\" data-e-type=\"widget\" data-settings=\"{&quot;youtube_url&quot;:&quot;https:\\\/\\\/www.youtube.com\\\/watch?v=3PzgZ2SAvys&quot;,&quot;autoplay&quot;:&quot;yes&quot;,&quot;play_on_mobile&quot;:&quot;yes&quot;,&quot;mute&quot;:&quot;yes&quot;,&quot;loop&quot;:&quot;yes&quot;,&quot;video_type&quot;:&quot;youtube&quot;,&quot;controls&quot;:&quot;yes&quot;}\" data-widget_type=\"video.default\">\n\t\t\t\t<div class=\"elementor-widget-container\">\n\t\t\t\t\t\t\t<div class=\"elementor-wrapper elementor-open-inline\">\n\t\t\t<div class=\"elementor-video\"><\/div>\t\t<\/div>\n\t\t\t\t\t\t<\/div>\n\t\t\t\t<\/div>\n\t\t\t\t<\/div>\n\t\t<div class=\"elementor-element elementor-element-f32c9f4 e-con-full e-flex e-con e-parent\" data-id=\"f32c9f4\" data-element_type=\"container\" data-e-type=\"container\">\n\t\t\t\t<div class=\"elementor-element elementor-element-a777754 elementor-widget elementor-widget-video\" data-id=\"a777754\" data-element_type=\"widget\" data-e-type=\"widget\" data-settings=\"{&quot;youtube_url&quot;:&quot;https:\\\/\\\/www.youtube.com\\\/watch?v=Bel34x4_MPI&quot;,&quot;autoplay&quot;:&quot;yes&quot;,&quot;play_on_mobile&quot;:&quot;yes&quot;,&quot;mute&quot;:&quot;yes&quot;,&quot;loop&quot;:&quot;yes&quot;,&quot;video_type&quot;:&quot;youtube&quot;,&quot;controls&quot;:&quot;yes&quot;}\" data-widget_type=\"video.default\">\n\t\t\t\t<div class=\"elementor-widget-container\">\n\t\t\t\t\t\t\t<div class=\"elementor-wrapper elementor-open-inline\">\n\t\t\t<div class=\"elementor-video\"><\/div>\t\t<\/div>\n\t\t\t\t\t\t<\/div>\n\t\t\t\t<\/div>\n\t\t\t\t<\/div>\n\t\t\t\t<\/div>\n\t\t<div class=\"elementor-element elementor-element-60794e0 e-con-full e-flex e-con e-parent\" data-id=\"60794e0\" data-element_type=\"container\" data-e-type=\"container\" data-settings=\"{&quot;background_background&quot;:&quot;classic&quot;}\">\n\t\t\t\t<div class=\"elementor-element elementor-element-87f2736 elementor-widget elementor-widget-heading\" data-id=\"87f2736\" data-element_type=\"widget\" data-e-type=\"widget\" data-widget_type=\"heading.default\">\n\t\t\t\t<div class=\"elementor-widget-container\">\n\t\t\t\t\t<h2 class=\"elementor-heading-title elementor-size-default\">HENKEL PROMO\u00c7\u00c3O<\/h2>\t\t\t\t<\/div>\n\t\t\t\t<\/div>\n\t\t\t\t<\/div>\n\t\t<div class=\"elementor-element elementor-element-24c61bb e-con-full e-flex e-con e-parent\" data-id=\"24c61bb\" data-element_type=\"container\" data-e-type=\"container\" data-settings=\"{&quot;background_background&quot;:&quot;classic&quot;}\">\n\t\t\t\t<div class=\"elementor-element elementor-element-bba2942 elementor-widget elementor-widget-image\" data-id=\"bba2942\" data-element_type=\"widget\" data-e-type=\"widget\" data-widget_type=\"image.default\">\n\t\t\t\t<div class=\"elementor-widget-container\">\n\t\t\t\t\t\t\t\t\t\t\t\t\t\t\t<img fetchpriority=\"high\" decoding=\"async\" width=\"2442\" height=\"1832\" src=\"https:\/\/maurosalgado.com\/wp-content\/uploads\/2022\/11\/story_henkel_promocao01.jpg\" class=\"attachment-full size-full wp-image-996\" alt=\"\" srcset=\"https:\/\/maurosalgado.com\/wp-content\/uploads\/2022\/11\/story_henkel_promocao01.jpg 2442w, https:\/\/maurosalgado.com\/wp-content\/uploads\/2022\/11\/story_henkel_promocao01-300x225.jpg 300w, https:\/\/maurosalgado.com\/wp-content\/uploads\/2022\/11\/story_henkel_promocao01-1024x768.jpg 1024w, https:\/\/maurosalgado.com\/wp-content\/uploads\/2022\/11\/story_henkel_promocao01-768x576.jpg 768w, https:\/\/maurosalgado.com\/wp-content\/uploads\/2022\/11\/story_henkel_promocao01-1536x1152.jpg 1536w, https:\/\/maurosalgado.com\/wp-content\/uploads\/2022\/11\/story_henkel_promocao01-2048x1536.jpg 2048w\" sizes=\"(max-width: 2442px) 100vw, 2442px\" \/>\t\t\t\t\t\t\t\t\t\t\t\t\t\t\t<\/div>\n\t\t\t\t<\/div>\n\t\t\t\t<\/div>\n\t\t<div class=\"elementor-element elementor-element-ed605a3 e-con-full e-flex e-con e-parent\" data-id=\"ed605a3\" data-element_type=\"container\" data-e-type=\"container\" data-settings=\"{&quot;background_background&quot;:&quot;classic&quot;}\">\n\t\t\t\t<div class=\"elementor-element elementor-element-4be7640 elementor-widget elementor-widget-image\" data-id=\"4be7640\" data-element_type=\"widget\" data-e-type=\"widget\" data-widget_type=\"image.default\">\n\t\t\t\t<div class=\"elementor-widget-container\">\n\t\t\t\t\t\t\t\t\t\t\t\t\t\t\t<img decoding=\"async\" width=\"2442\" height=\"1832\" src=\"https:\/\/maurosalgado.com\/wp-content\/uploads\/2022\/11\/henkel_promocao02.jpg\" class=\"attachment-full size-full wp-image-1881\" alt=\"\" srcset=\"https:\/\/maurosalgado.com\/wp-content\/uploads\/2022\/11\/henkel_promocao02.jpg 2442w, https:\/\/maurosalgado.com\/wp-content\/uploads\/2022\/11\/henkel_promocao02-300x225.jpg 300w, https:\/\/maurosalgado.com\/wp-content\/uploads\/2022\/11\/henkel_promocao02-1024x768.jpg 1024w, https:\/\/maurosalgado.com\/wp-content\/uploads\/2022\/11\/henkel_promocao02-768x576.jpg 768w, https:\/\/maurosalgado.com\/wp-content\/uploads\/2022\/11\/henkel_promocao02-1536x1152.jpg 1536w, https:\/\/maurosalgado.com\/wp-content\/uploads\/2022\/11\/henkel_promocao02-2048x1536.jpg 2048w\" sizes=\"(max-width: 2442px) 100vw, 2442px\" \/>\t\t\t\t\t\t\t\t\t\t\t\t\t\t\t<\/div>\n\t\t\t\t<\/div>\n\t\t\t\t<\/div>\n\t\t<div class=\"elementor-element elementor-element-ae88039 e-con-full e-flex e-con e-parent\" data-id=\"ae88039\" data-element_type=\"container\" data-e-type=\"container\">\n\t\t\t\t<div class=\"elementor-element elementor-element-91ac483 elementor-widget elementor-widget-heading\" data-id=\"91ac483\" data-element_type=\"widget\" data-e-type=\"widget\" data-widget_type=\"heading.default\">\n\t\t\t\t<div class=\"elementor-widget-container\">\n\t\t\t\t\t<h2 class=\"elementor-heading-title elementor-size-default\">STORY ELMA CHEETOS-CACHORROS<\/h2>\t\t\t\t<\/div>\n\t\t\t\t<\/div>\n\t\t\t\t<\/div>\n\t\t<div class=\"elementor-element elementor-element-e17060a e-con-full e-flex e-con e-parent\" data-id=\"e17060a\" data-element_type=\"container\" data-e-type=\"container\">\n\t\t\t\t<div class=\"elementor-element elementor-element-c829248 elementor-widget elementor-widget-image\" data-id=\"c829248\" data-element_type=\"widget\" data-e-type=\"widget\" data-widget_type=\"image.default\">\n\t\t\t\t<div class=\"elementor-widget-container\">\n\t\t\t\t\t\t\t\t\t\t\t\t\t\t\t<img decoding=\"async\" width=\"2442\" height=\"1832\" src=\"https:\/\/maurosalgado.com\/wp-content\/uploads\/2022\/11\/story_elma_cheetos_cachorros01.jpg\" class=\"attachment-full size-full wp-image-958\" alt=\"\" srcset=\"https:\/\/maurosalgado.com\/wp-content\/uploads\/2022\/11\/story_elma_cheetos_cachorros01.jpg 2442w, https:\/\/maurosalgado.com\/wp-content\/uploads\/2022\/11\/story_elma_cheetos_cachorros01-300x225.jpg 300w, https:\/\/maurosalgado.com\/wp-content\/uploads\/2022\/11\/story_elma_cheetos_cachorros01-1024x768.jpg 1024w, https:\/\/maurosalgado.com\/wp-content\/uploads\/2022\/11\/story_elma_cheetos_cachorros01-768x576.jpg 768w, https:\/\/maurosalgado.com\/wp-content\/uploads\/2022\/11\/story_elma_cheetos_cachorros01-1536x1152.jpg 1536w, https:\/\/maurosalgado.com\/wp-content\/uploads\/2022\/11\/story_elma_cheetos_cachorros01-2048x1536.jpg 2048w\" sizes=\"(max-width: 2442px) 100vw, 2442px\" \/>\t\t\t\t\t\t\t\t\t\t\t\t\t\t\t<\/div>\n\t\t\t\t<\/div>\n\t\t\t\t<\/div>\n\t\t<div class=\"elementor-element elementor-element-acf80e0 e-con-full e-flex e-con e-parent\" data-id=\"acf80e0\" data-element_type=\"container\" data-e-type=\"container\">\n\t\t\t\t<div class=\"elementor-element elementor-element-f0c8e61 elementor-widget elementor-widget-image\" data-id=\"f0c8e61\" data-element_type=\"widget\" data-e-type=\"widget\" data-widget_type=\"image.default\">\n\t\t\t\t<div class=\"elementor-widget-container\">\n\t\t\t\t\t\t\t\t\t\t\t\t\t\t\t<img loading=\"lazy\" decoding=\"async\" width=\"2442\" height=\"1832\" src=\"https:\/\/maurosalgado.com\/wp-content\/uploads\/2022\/11\/story_elma_cheetos_cachorros02.jpg\" class=\"attachment-full size-full wp-image-1882\" alt=\"\" srcset=\"https:\/\/maurosalgado.com\/wp-content\/uploads\/2022\/11\/story_elma_cheetos_cachorros02.jpg 2442w, https:\/\/maurosalgado.com\/wp-content\/uploads\/2022\/11\/story_elma_cheetos_cachorros02-300x225.jpg 300w, https:\/\/maurosalgado.com\/wp-content\/uploads\/2022\/11\/story_elma_cheetos_cachorros02-1024x768.jpg 1024w, https:\/\/maurosalgado.com\/wp-content\/uploads\/2022\/11\/story_elma_cheetos_cachorros02-768x576.jpg 768w, https:\/\/maurosalgado.com\/wp-content\/uploads\/2022\/11\/story_elma_cheetos_cachorros02-1536x1152.jpg 1536w, https:\/\/maurosalgado.com\/wp-content\/uploads\/2022\/11\/story_elma_cheetos_cachorros02-2048x1536.jpg 2048w\" sizes=\"(max-width: 2442px) 100vw, 2442px\" \/>\t\t\t\t\t\t\t\t\t\t\t\t\t\t\t<\/div>\n\t\t\t\t<\/div>\n\t\t\t\t<\/div>\n\t\t<div class=\"elementor-element elementor-element-b5c2f85 e-con-full e-flex e-con e-parent\" data-id=\"b5c2f85\" data-element_type=\"container\" data-e-type=\"container\" data-settings=\"{&quot;background_background&quot;:&quot;classic&quot;}\">\n\t\t\t\t<div class=\"elementor-element elementor-element-602ec44 elementor-widget elementor-widget-heading\" data-id=\"602ec44\" data-element_type=\"widget\" data-e-type=\"widget\" data-widget_type=\"heading.default\">\n\t\t\t\t<div class=\"elementor-widget-container\">\n\t\t\t\t\t<h2 class=\"elementor-heading-title elementor-size-default\">STORY ELMA CHEETOS-HERAN\u00c7A<\/h2>\t\t\t\t<\/div>\n\t\t\t\t<\/div>\n\t\t\t\t<\/div>\n\t\t<div class=\"elementor-element elementor-element-71f53ad e-con-full e-flex e-con e-parent\" data-id=\"71f53ad\" data-element_type=\"container\" data-e-type=\"container\" data-settings=\"{&quot;background_background&quot;:&quot;classic&quot;}\">\n\t\t\t\t<div class=\"elementor-element elementor-element-95bab6c elementor-widget elementor-widget-image\" data-id=\"95bab6c\" data-element_type=\"widget\" data-e-type=\"widget\" data-widget_type=\"image.default\">\n\t\t\t\t<div class=\"elementor-widget-container\">\n\t\t\t\t\t\t\t\t\t\t\t\t\t\t\t<img loading=\"lazy\" decoding=\"async\" width=\"2442\" height=\"1832\" src=\"https:\/\/maurosalgado.com\/wp-content\/uploads\/2022\/11\/story_elma_cheetos_heranca01.jpg\" class=\"attachment-full size-full wp-image-1883\" alt=\"\" srcset=\"https:\/\/maurosalgado.com\/wp-content\/uploads\/2022\/11\/story_elma_cheetos_heranca01.jpg 2442w, https:\/\/maurosalgado.com\/wp-content\/uploads\/2022\/11\/story_elma_cheetos_heranca01-300x225.jpg 300w, https:\/\/maurosalgado.com\/wp-content\/uploads\/2022\/11\/story_elma_cheetos_heranca01-1024x768.jpg 1024w, https:\/\/maurosalgado.com\/wp-content\/uploads\/2022\/11\/story_elma_cheetos_heranca01-768x576.jpg 768w, https:\/\/maurosalgado.com\/wp-content\/uploads\/2022\/11\/story_elma_cheetos_heranca01-1536x1152.jpg 1536w, https:\/\/maurosalgado.com\/wp-content\/uploads\/2022\/11\/story_elma_cheetos_heranca01-2048x1536.jpg 2048w\" sizes=\"(max-width: 2442px) 100vw, 2442px\" \/>\t\t\t\t\t\t\t\t\t\t\t\t\t\t\t<\/div>\n\t\t\t\t<\/div>\n\t\t\t\t<\/div>\n\t\t<div class=\"elementor-element elementor-element-fe8c2d3 e-con-full e-flex e-con e-parent\" data-id=\"fe8c2d3\" data-element_type=\"container\" data-e-type=\"container\" data-settings=\"{&quot;background_background&quot;:&quot;classic&quot;}\">\n\t\t\t\t<div class=\"elementor-element elementor-element-5adbafa elementor-widget elementor-widget-image\" data-id=\"5adbafa\" data-element_type=\"widget\" data-e-type=\"widget\" data-widget_type=\"image.default\">\n\t\t\t\t<div class=\"elementor-widget-container\">\n\t\t\t\t\t\t\t\t\t\t\t\t\t\t\t<img loading=\"lazy\" decoding=\"async\" width=\"2442\" height=\"1832\" src=\"https:\/\/maurosalgado.com\/wp-content\/uploads\/2022\/11\/story_elma_cheetos_heranca02.jpg\" class=\"attachment-full size-full wp-image-1884\" alt=\"\" srcset=\"https:\/\/maurosalgado.com\/wp-content\/uploads\/2022\/11\/story_elma_cheetos_heranca02.jpg 2442w, https:\/\/maurosalgado.com\/wp-content\/uploads\/2022\/11\/story_elma_cheetos_heranca02-300x225.jpg 300w, https:\/\/maurosalgado.com\/wp-content\/uploads\/2022\/11\/story_elma_cheetos_heranca02-1024x768.jpg 1024w, https:\/\/maurosalgado.com\/wp-content\/uploads\/2022\/11\/story_elma_cheetos_heranca02-768x576.jpg 768w, https:\/\/maurosalgado.com\/wp-content\/uploads\/2022\/11\/story_elma_cheetos_heranca02-1536x1152.jpg 1536w, https:\/\/maurosalgado.com\/wp-content\/uploads\/2022\/11\/story_elma_cheetos_heranca02-2048x1536.jpg 2048w\" sizes=\"(max-width: 2442px) 100vw, 2442px\" \/>\t\t\t\t\t\t\t\t\t\t\t\t\t\t\t<\/div>\n\t\t\t\t<\/div>\n\t\t\t\t<\/div>\n\t\t<div class=\"elementor-element elementor-element-4babf93 e-con-full e-flex e-con e-parent\" data-id=\"4babf93\" data-element_type=\"container\" data-e-type=\"container\" data-settings=\"{&quot;background_background&quot;:&quot;classic&quot;}\">\n\t\t\t\t<div class=\"elementor-element elementor-element-00a29fe elementor-widget elementor-widget-heading\" data-id=\"00a29fe\" data-element_type=\"widget\" data-e-type=\"widget\" data-widget_type=\"heading.default\">\n\t\t\t\t<div class=\"elementor-widget-container\">\n\t\t\t\t\t<h2 class=\"elementor-heading-title elementor-size-default\">STORY HB20 COPA-AMIGOS<\/h2>\t\t\t\t<\/div>\n\t\t\t\t<\/div>\n\t\t\t\t<\/div>\n\t\t<div class=\"elementor-element elementor-element-4fae92b e-con-full e-flex e-con e-parent\" data-id=\"4fae92b\" data-element_type=\"container\" data-e-type=\"container\" data-settings=\"{&quot;background_background&quot;:&quot;classic&quot;}\">\n\t\t\t\t<div class=\"elementor-element elementor-element-481c4e0 elementor-widget elementor-widget-image\" data-id=\"481c4e0\" data-element_type=\"widget\" data-e-type=\"widget\" data-widget_type=\"image.default\">\n\t\t\t\t<div class=\"elementor-widget-container\">\n\t\t\t\t\t\t\t\t\t\t\t\t\t\t\t<img loading=\"lazy\" decoding=\"async\" width=\"2442\" height=\"1832\" src=\"https:\/\/maurosalgado.com\/wp-content\/uploads\/2022\/11\/story_HB20_copa_amigos01.jpg\" class=\"attachment-full size-full wp-image-1001\" alt=\"\" srcset=\"https:\/\/maurosalgado.com\/wp-content\/uploads\/2022\/11\/story_HB20_copa_amigos01.jpg 2442w, https:\/\/maurosalgado.com\/wp-content\/uploads\/2022\/11\/story_HB20_copa_amigos01-300x225.jpg 300w, https:\/\/maurosalgado.com\/wp-content\/uploads\/2022\/11\/story_HB20_copa_amigos01-1024x768.jpg 1024w, https:\/\/maurosalgado.com\/wp-content\/uploads\/2022\/11\/story_HB20_copa_amigos01-768x576.jpg 768w, https:\/\/maurosalgado.com\/wp-content\/uploads\/2022\/11\/story_HB20_copa_amigos01-1536x1152.jpg 1536w, https:\/\/maurosalgado.com\/wp-content\/uploads\/2022\/11\/story_HB20_copa_amigos01-2048x1536.jpg 2048w\" sizes=\"(max-width: 2442px) 100vw, 2442px\" \/>\t\t\t\t\t\t\t\t\t\t\t\t\t\t\t<\/div>\n\t\t\t\t<\/div>\n\t\t\t\t<\/div>\n\t\t<div class=\"elementor-element elementor-element-67591b4 e-con-full e-flex e-con e-parent\" data-id=\"67591b4\" data-element_type=\"container\" data-e-type=\"container\" data-settings=\"{&quot;background_background&quot;:&quot;classic&quot;}\">\n\t\t\t\t<div class=\"elementor-element elementor-element-aff3f70 elementor-widget elementor-widget-image\" data-id=\"aff3f70\" data-element_type=\"widget\" data-e-type=\"widget\" data-widget_type=\"image.default\">\n\t\t\t\t<div class=\"elementor-widget-container\">\n\t\t\t\t\t\t\t\t\t\t\t\t\t\t\t<img loading=\"lazy\" decoding=\"async\" width=\"2442\" height=\"706\" src=\"https:\/\/maurosalgado.com\/wp-content\/uploads\/2022\/11\/story_HB20_copa_amigos02.jpg\" class=\"attachment-full size-full wp-image-1886\" alt=\"\" srcset=\"https:\/\/maurosalgado.com\/wp-content\/uploads\/2022\/11\/story_HB20_copa_amigos02.jpg 2442w, https:\/\/maurosalgado.com\/wp-content\/uploads\/2022\/11\/story_HB20_copa_amigos02-300x87.jpg 300w, https:\/\/maurosalgado.com\/wp-content\/uploads\/2022\/11\/story_HB20_copa_amigos02-1024x296.jpg 1024w, https:\/\/maurosalgado.com\/wp-content\/uploads\/2022\/11\/story_HB20_copa_amigos02-768x222.jpg 768w, https:\/\/maurosalgado.com\/wp-content\/uploads\/2022\/11\/story_HB20_copa_amigos02-1536x444.jpg 1536w, https:\/\/maurosalgado.com\/wp-content\/uploads\/2022\/11\/story_HB20_copa_amigos02-2048x592.jpg 2048w\" sizes=\"(max-width: 2442px) 100vw, 2442px\" \/>\t\t\t\t\t\t\t\t\t\t\t\t\t\t\t<\/div>\n\t\t\t\t<\/div>\n\t\t\t\t<\/div>\n\t\t<div class=\"elementor-element elementor-element-23633a7 e-con-full e-flex e-con e-parent\" data-id=\"23633a7\" data-element_type=\"container\" data-e-type=\"container\" data-settings=\"{&quot;background_background&quot;:&quot;classic&quot;}\">\n\t\t\t\t<div class=\"elementor-element elementor-element-831fa8f elementor-widget elementor-widget-heading\" data-id=\"831fa8f\" data-element_type=\"widget\" data-e-type=\"widget\" data-widget_type=\"heading.default\">\n\t\t\t\t<div class=\"elementor-widget-container\">\n\t\t\t\t\t<h2 class=\"elementor-heading-title elementor-size-default\">STORY KLABIN-LAB<\/h2>\t\t\t\t<\/div>\n\t\t\t\t<\/div>\n\t\t\t\t<\/div>\n\t\t<div class=\"elementor-element elementor-element-74249fc e-con-full e-flex e-con e-parent\" data-id=\"74249fc\" data-element_type=\"container\" data-e-type=\"container\" data-settings=\"{&quot;background_background&quot;:&quot;classic&quot;}\">\n\t\t\t\t<div class=\"elementor-element elementor-element-cad1602 elementor-widget elementor-widget-image\" data-id=\"cad1602\" data-element_type=\"widget\" data-e-type=\"widget\" data-widget_type=\"image.default\">\n\t\t\t\t<div class=\"elementor-widget-container\">\n\t\t\t\t\t\t\t\t\t\t\t\t\t\t\t<img loading=\"lazy\" decoding=\"async\" width=\"2442\" height=\"1832\" src=\"https:\/\/maurosalgado.com\/wp-content\/uploads\/2022\/11\/story_klabin_lab01.jpg\" class=\"attachment-full size-full wp-image-1010\" alt=\"\" srcset=\"https:\/\/maurosalgado.com\/wp-content\/uploads\/2022\/11\/story_klabin_lab01.jpg 2442w, https:\/\/maurosalgado.com\/wp-content\/uploads\/2022\/11\/story_klabin_lab01-300x225.jpg 300w, https:\/\/maurosalgado.com\/wp-content\/uploads\/2022\/11\/story_klabin_lab01-1024x768.jpg 1024w, https:\/\/maurosalgado.com\/wp-content\/uploads\/2022\/11\/story_klabin_lab01-768x576.jpg 768w, https:\/\/maurosalgado.com\/wp-content\/uploads\/2022\/11\/story_klabin_lab01-1536x1152.jpg 1536w, https:\/\/maurosalgado.com\/wp-content\/uploads\/2022\/11\/story_klabin_lab01-2048x1536.jpg 2048w\" sizes=\"(max-width: 2442px) 100vw, 2442px\" \/>\t\t\t\t\t\t\t\t\t\t\t\t\t\t\t<\/div>\n\t\t\t\t<\/div>\n\t\t\t\t<\/div>\n\t\t<div class=\"elementor-element elementor-element-52bf066 e-con-full e-flex e-con e-parent\" data-id=\"52bf066\" data-element_type=\"container\" data-e-type=\"container\" data-settings=\"{&quot;background_background&quot;:&quot;classic&quot;}\">\n\t\t\t\t<div class=\"elementor-element elementor-element-029a422 elementor-widget elementor-widget-image\" data-id=\"029a422\" data-element_type=\"widget\" data-e-type=\"widget\" data-widget_type=\"image.default\">\n\t\t\t\t<div class=\"elementor-widget-container\">\n\t\t\t\t\t\t\t\t\t\t\t\t\t\t\t<img loading=\"lazy\" decoding=\"async\" width=\"2442\" height=\"1832\" src=\"https:\/\/maurosalgado.com\/wp-content\/uploads\/2022\/11\/story_klabin_lab02.jpg\" class=\"attachment-full size-full wp-image-1887\" alt=\"\" srcset=\"https:\/\/maurosalgado.com\/wp-content\/uploads\/2022\/11\/story_klabin_lab02.jpg 2442w, https:\/\/maurosalgado.com\/wp-content\/uploads\/2022\/11\/story_klabin_lab02-300x225.jpg 300w, https:\/\/maurosalgado.com\/wp-content\/uploads\/2022\/11\/story_klabin_lab02-1024x768.jpg 1024w, https:\/\/maurosalgado.com\/wp-content\/uploads\/2022\/11\/story_klabin_lab02-768x576.jpg 768w, https:\/\/maurosalgado.com\/wp-content\/uploads\/2022\/11\/story_klabin_lab02-1536x1152.jpg 1536w, https:\/\/maurosalgado.com\/wp-content\/uploads\/2022\/11\/story_klabin_lab02-2048x1536.jpg 2048w\" sizes=\"(max-width: 2442px) 100vw, 2442px\" \/>\t\t\t\t\t\t\t\t\t\t\t\t\t\t\t<\/div>\n\t\t\t\t<\/div>\n\t\t\t\t<\/div>\n\t\t\t\t<\/div>\n\t\t","protected":false},"excerpt":{"rendered":"<p>https:\/\/www.youtube.com\/watch?v=3PzgZ2SAvyshttps:\/\/www.youtube.com\/watch?v=Bel34x4_MPI HENKEL PROMO\u00c7\u00c3O STORY ELMA CHEETOS-CACHORROS STORY ELMA CHEETOS-HERAN\u00c7A STORY HB20 COPA-AMIGOS STORY KLABIN-LAB<\/p>\n","protected":false},"author":1,"featured_media":0,"parent":0,"menu_order":0,"comment_status":"closed","ping_status":"closed","template":"elementor_header_footer","meta":{"footnotes":""},"class_list":["post-17","page","type-page","status-publish","hentry"],"_links":{"self":[{"href":"https:\/\/maurosalgado.com\/index.php?rest_route=\/wp\/v2\/pages\/17","targetHints":{"allow":["GET"]}}],"collection":[{"href":"https:\/\/maurosalgado.com\/index.php?rest_route=\/wp\/v2\/pages"}],"about":[{"href":"https:\/\/maurosalgado.com\/index.php?rest_route=\/wp\/v2\/types\/page"}],"author":[{"embeddable":true,"href":"https:\/\/maurosalgado.com\/index.php?rest_route=\/wp\/v2\/users\/1"}],"replies":[{"embeddable":true,"href":"https:\/\/maurosalgado.com\/index.php?rest_route=%2Fwp%2Fv2%2Fcomments&post=17"}],"version-history":[{"count":82,"href":"https:\/\/maurosalgado.com\/index.php?rest_route=\/wp\/v2\/pages\/17\/revisions"}],"predecessor-version":[{"id":1890,"href":"https:\/\/maurosalgado.com\/index.php?rest_route=\/wp\/v2\/pages\/17\/revisions\/1890"}],"wp:attachment":[{"href":"https:\/\/maurosalgado.com\/index.php?rest_route=%2Fwp%2Fv2%2Fmedia&parent=17"}],"curies":[{"name":"wp","href":"https:\/\/api.w.org\/{rel}","templated":true}]}}